{"id":1017,"date":"2021-12-29T10:11:47","date_gmt":"2021-12-29T10:11:47","guid":{"rendered":"https:\/\/pianopedagogit.fi\/?page_id=1017"},"modified":"2026-02-10T07:19:19","modified_gmt":"2026-02-10T07:19:19","slug":"yhteystiedot","status":"publish","type":"page","link":"https:\/\/pianopedagogit.fi\/?page_id=1017","title":{"rendered":"Yhteystiedot"},"content":{"rendered":"<p><strong>HALLITUS 2026<\/strong><\/p>\r\n<p><strong><img loading=\"lazy\" decoding=\"async\" class=\"alignnone size-medium wp-image-1034\" src=\"https:\/\/pianopedagogit.fi\/wp-content\/uploads\/2021\/12\/KatariinaLiimatainen-2021-262x300.jpg\" alt=\"\" width=\"262\" height=\"300\" srcset=\"https:\/\/pianopedagogit.fi\/wp-content\/uploads\/2021\/12\/KatariinaLiimatainen-2021-262x300.jpg 262w, https:\/\/pianopedagogit.fi\/wp-content\/uploads\/2021\/12\/KatariinaLiimatainen-2021-894x1024.jpg 894w, https:\/\/pianopedagogit.fi\/wp-content\/uploads\/2021\/12\/KatariinaLiimatainen-2021-768x880.jpg 768w, https:\/\/pianopedagogit.fi\/wp-content\/uploads\/2021\/12\/KatariinaLiimatainen-2021-1341x1536.jpg 1341w, https:\/\/pianopedagogit.fi\/wp-content\/uploads\/2021\/12\/KatariinaLiimatainen-2021-1788x2048.jpg 1788w\" sizes=\"auto, (max-width: 262px) 100vw, 262px\" \/>\u00a0 \u00a0<br \/>Katariina Liimatainen\u00a0<br \/><\/strong>puheenjohtaja<br \/>+358 44 785 6008 <br \/>katariina.liimatainen(at)savonia.fi \u00a0<\/p>\r\n<p>Toimin Savonia amk:n pianonsoiton lehtorina v:sta 2020. Aiemmin toimin Kuopion konservatorion pianonsoiton yliopettajana (2012-2020) ja Jamkin esitt\u00e4v\u00e4n s\u00e4veltaiteen yliopettajana (1999-2012).<br \/>Ty\u00f6nkuvaani kuuluu pianon ja kamarimusiikin opetusta, pianopedagogiikkaa sek\u00e4 opetusharjoittelun ohjausta. Konsertoin, pid\u00e4n mestarikursseja ja toimin kilpailujen juryssa kotimaassa ja eurooppalaisissa partnerioppilaitoksissa.<br \/>Opiskelin Keski-Suomen konservatoriossa pianotaitelija Leea Isotalon johdolla. Olen valmistunut Wienin musiikkikorkeakoulusta sek\u00e4 solistiselta ett\u00e4 pianopedagogiikan osastolta prof. Noel Floresin johdolla. Jatko-opintoja tein Prahan Musiikkiakatemiassa prof. Josef P\u00e1leni\u010dekin sek\u00e4 Moskovan Tsaikovski-konservatoriossa prof. Gleb Axelrodin johdolla.<br \/>Vapaa-aikana minut l\u00f6yt\u00e4\u00e4 kirjojen \u00e4\u00e4rest\u00e4, taiden\u00e4yttelyist\u00e4 tai Dinu-sheltin kanssa Kallaveden rantapoluilta.<\/p>\r\n<p><br \/><img loading=\"lazy\" decoding=\"async\" class=\"alignnone wp-image-1250 size-medium\" src=\"https:\/\/pianopedagogit.fi\/wp-content\/uploads\/2025\/06\/EevaSarmanto-2025-273x300.jpg\" alt=\"\" width=\"273\" height=\"300\" srcset=\"https:\/\/pianopedagogit.fi\/wp-content\/uploads\/2025\/06\/EevaSarmanto-2025-273x300.jpg 273w, https:\/\/pianopedagogit.fi\/wp-content\/uploads\/2025\/06\/EevaSarmanto-2025-930x1024.jpg 930w, https:\/\/pianopedagogit.fi\/wp-content\/uploads\/2025\/06\/EevaSarmanto-2025-768x845.jpg 768w, https:\/\/pianopedagogit.fi\/wp-content\/uploads\/2025\/06\/EevaSarmanto-2025.jpg 1163w\" sizes=\"auto, (max-width: 273px) 100vw, 273px\" \/> <br \/><strong>Eeva Sarmanto-Neuvonen <br \/><\/strong>varapuheenjohtaja ja kansainv\u00e4liset asiat<br \/>+358 50 526 6440 <br \/>esarmant(at)gmail.com<\/p>\r\n<p>Aloitin pianonsoiton opiskelun 6-vuotiaana yksityisopettajan johdolla Aaron Aapisesta. 13-vuotiaana p\u00e4\u00e4sin Sibelius-Akatemian nuorisokoulutukseen Inkeri Siukosen oppilaaksi. SYK:ssa sain opetusta my\u00f6s sellon\u00a0ja urkujen soitossa. Olen opettanut pianonsoittoa yksityisesti, L\u00e4nsi-Helsingin musiikkiopistossa, Helsingin opettajankoulutuslaitoksessa, Nikkil\u00e4n mielisairaalassa, perustamassani Eiran musiikkiopistossa ja Sibelius-Akatemiassa, jossa toimin pianomusiikin ja pianopedagogiikan lehtorina el\u00e4k\u00f6itymiseeni asti. <br \/>Olen laatinut 18 pianonsoittoon liittyv\u00e4\u00e4 oppikirjaa yksin ja yhdess\u00e4 kollegoideni kanssa. Olen my\u00f6s s\u00e4velt\u00e4nyt lukuisia pikkukappaleita. <br \/>Opiskelin pianonsoittoa ja pedagogiikkaa Columbian yliopistossa New Yorkissa ja toimin siell\u00e4 yhden lukukauden professori Robert Pacen assistenttina. Opetan ja luennoin edelleen siell\u00e4 sun t\u00e4\u00e4ll\u00e4. <br \/>Olen ollut Pianopedagogit ry:n \u201daktivisti\u201d melkein yhdistyksen perustamisesta alkaen. Osallistun ahkerasti EPTA:n seminaareihin, niin esiintyj\u00e4n\u00e4 kuin osallistujana. Harrastan matkustelua, vesijuoksua ja kokkailua.<\/p>\r\n<p><br \/><img loading=\"lazy\" decoding=\"async\" class=\"alignnone size-medium wp-image-1023\" src=\"https:\/\/pianopedagogit.fi\/wp-content\/uploads\/2021\/12\/PeterLonnqvist-2021-300x200.jpg\" alt=\"\" width=\"300\" height=\"200\" srcset=\"https:\/\/pianopedagogit.fi\/wp-content\/uploads\/2021\/12\/PeterLonnqvist-2021-300x200.jpg 300w, https:\/\/pianopedagogit.fi\/wp-content\/uploads\/2021\/12\/PeterLonnqvist-2021-768x511.jpg 768w, https:\/\/pianopedagogit.fi\/wp-content\/uploads\/2021\/12\/PeterLonnqvist-2021.jpg 1018w\" sizes=\"auto, (max-width: 300px) 100vw, 300px\" \/> <br \/><strong>Peter L\u00f6nnqvist <br \/><\/strong>sihteeri <br \/>+358 50 565 8503 <br \/>sihteeri(at)pianopedagogit.fi<\/p>\r\n<p>Ty\u00f6kseni olen opettanut pianonsoittoa, liedi\u00e4 ja kamarimusiikkia Lahden konservatoriossa vuodesta 1992 l\u00e4htien ja harrastuksenani soittanut pianoa vuodesta 1977 alkaen. Aluksi opiskelijana Lahden konservatoriossa, sitten Sibelius-Akatemiassa ja lopulta M\u00fcnchenin musiikkikorkeakoulussa. <br \/>Toisina harrastuksinani olen s\u00e4vellellyt ja sovitellut pianolle tai pienyhtyeille sekalaista, aina iitintiltuista arktisiin kantaatteihin, astorpiazzollista antonweberneihin ja stingeist\u00e4 arethafranklineihin.\u00a0<br \/>Pianopedagogit ry:n hallituksessa olen saanut olla mukana vuodesta 2009 alkaen ja sihteerin\u00e4 vuodesta 2013 l\u00e4htien.\u00a0<\/p>\r\n<p><br \/><img loading=\"lazy\" decoding=\"async\" class=\"alignnone size-medium wp-image-1028\" src=\"https:\/\/pianopedagogit.fi\/wp-content\/uploads\/2021\/12\/RebekkaAngervo-2021-300x300.jpg\" alt=\"\" width=\"300\" height=\"300\" srcset=\"https:\/\/pianopedagogit.fi\/wp-content\/uploads\/2021\/12\/RebekkaAngervo-2021-300x300.jpg 300w, https:\/\/pianopedagogit.fi\/wp-content\/uploads\/2021\/12\/RebekkaAngervo-2021-150x150.jpg 150w, https:\/\/pianopedagogit.fi\/wp-content\/uploads\/2021\/12\/RebekkaAngervo-2021-768x768.jpg 768w, https:\/\/pianopedagogit.fi\/wp-content\/uploads\/2021\/12\/RebekkaAngervo-2021-100x100.jpg 100w, https:\/\/pianopedagogit.fi\/wp-content\/uploads\/2021\/12\/RebekkaAngervo-2021.jpg 945w\" sizes=\"auto, (max-width: 300px) 100vw, 300px\" \/> <br \/><strong>Rebekka Angervo <br \/><\/strong>internet-sivut, some ja YouTube<br \/>+358 50 374 1211 <br \/>rebekka.angervo(at)emo.fi<\/p>\r\n<p>Opiskelin Espoon musiikkiopistossa, Sibelius-Akatemiassa ja Pariisissa. Asuin pitk\u00e4\u00e4n Ranskassa ja Saksassa. Suomeen muuttoni vuonna 1999 j\u00e4lkeen olen opettanut Espoon musiikkiopistossa. Nuorimmat oppilaani ovat 3-vuotiaita. Opetan pianonsoittoa, kamarimusiikkia, vapaata s\u00e4estyst\u00e4 sek\u00e4 pianon Soitintikkaat- ja MuHa-alkeisryhmi\u00e4. <br \/>EMO-lehtorin virkani ohella toimin taideopettajana Sibelius-Akatemiassa (pianopedagogiikka ja piano) sek\u00e4 Nuorten pianoakatemian ja M\u00e4nt\u00e4n Musiikkijuhlien tuottajana. <br \/>Pianonsoiton lis\u00e4ksi olen opiskellut erityispedagogiikkaa, kulttuurituottamista ja johtamistaitoja. T\u00e4rkeit\u00e4 vaikuttajia lapsuudessani olivat opettajani Liisa Pohjola ja Kata Nummi-Kuisma sek\u00e4 Tapiolan kuorossa Erkki Pohjola.<br \/>Pianopedagogit ry:n hallituksessa olen ollut mukana vuodesta 2018. <br \/>Vapaa-aikana harrastan matkustelua, kokkausta ja elokuvia.<\/p>\r\n<p><br \/><img loading=\"lazy\" decoding=\"async\" class=\"alignnone size-medium wp-image-1029\" src=\"https:\/\/pianopedagogit.fi\/wp-content\/uploads\/2021\/12\/AnttiHotti-2021-208x300.jpg\" alt=\"\" width=\"208\" height=\"300\" srcset=\"https:\/\/pianopedagogit.fi\/wp-content\/uploads\/2021\/12\/AnttiHotti-2021-208x300.jpg 208w, https:\/\/pianopedagogit.fi\/wp-content\/uploads\/2021\/12\/AnttiHotti-2021-711x1024.jpg 711w, https:\/\/pianopedagogit.fi\/wp-content\/uploads\/2021\/12\/AnttiHotti-2021.jpg 750w\" sizes=\"auto, (max-width: 208px) 100vw, 208px\" \/> <br \/><strong>Antti Hotti<\/strong> <br \/>+358 40 585 9541 <br \/>antti.hotti(at)uniarts.fi<\/p>\r\n<p>Toimin Taideyliopiston Sibelius-Akatemiassa pianomusiikin lehtorina. Olen opiskellut Sibelius-Akatemiassa ja Manhattan School of Musicissa New Yorkissa. T\u00e4rkeit\u00e4 opettajia opintojeni aikana ovat olleet mm. Meri Louhos, Liisa Pohjola, Matti Raekallio ja Nina Svetlanova.<br \/>Olen esiintynyt useiden suomalaisten orkestereiden solistina ja kilpailumenestyst\u00e4 on tullut mm. Maj Lind-kilpailun 3.sija vuonna 1994.<br \/>Olen harrastanut klassista improvisaatiota pienest\u00e4 pit\u00e4en ja se sis\u00e4ltyy usein pianoresitaalieni ohjelmaan.<br \/>Musiikin lis\u00e4ksi intohimonani ovat kielten opiskelu ja m\u00f6kkipuutarhan hoito.<\/p>\r\n<p><br \/><img loading=\"lazy\" decoding=\"async\" class=\"alignnone size-medium wp-image-1032\" src=\"https:\/\/pianopedagogit.fi\/wp-content\/uploads\/2021\/12\/EveliinaK-300x300.jpeg\" alt=\"\" width=\"300\" height=\"300\" srcset=\"https:\/\/pianopedagogit.fi\/wp-content\/uploads\/2021\/12\/EveliinaK-300x300.jpeg 300w, https:\/\/pianopedagogit.fi\/wp-content\/uploads\/2021\/12\/EveliinaK-150x150.jpeg 150w, https:\/\/pianopedagogit.fi\/wp-content\/uploads\/2021\/12\/EveliinaK-100x100.jpeg 100w, https:\/\/pianopedagogit.fi\/wp-content\/uploads\/2021\/12\/EveliinaK.jpeg 429w\" sizes=\"auto, (max-width: 300px) 100vw, 300px\" \/> <br \/><strong>Eveliina Kyt\u00f6m\u00e4ki<\/strong> <br \/>+358 50 3503920 <br \/>eveliina.kytomaki(at)turkuamk.fi<br \/><br \/>Olen Turun ammattikorkeakoulun pianonsoiton ja pianopedagogiikan lehtori. Ty\u00f6ss\u00e4ni saan ohjata ja tukea uuden pianopedagogipolven kasvua. On etuoikeus ty\u00f6skennell\u00e4 innostuneiden ja kekseli\u00e4iden opiskelijoiden kanssa.<br \/>Kosketinsoitinten ilmaisukeinot ja klaveerimusiikin historia ovat syd\u00e4nt\u00e4ni l\u00e4hell\u00e4. Olen opiskellut modernia pianoa Sibelius-Akatemiassa (opettajina Jussi Siirala, Tuija Hakkila ja Ilmo Ranta), fortepianoa Cornell Universityss\u00e4 (opettajana Malcolm Bilson) sek\u00e4 cembaloa ja continuosoittoa Yrkesh\u00f6gskola Noviassa (opettajana Petteri Pitko).\u00a0<br \/>Liedmusiikki kuuluu my\u00f6s pianisti-identiteettini ytimeen. Runon ja musiikin liitto on kiehtonut minua jo nuoresta asti. Liedohjelmien sommittelu on oma taidemuotonsa, johon on hyv\u00e4 uppoutua, kun arkip\u00e4iv\u00e4isemm\u00e4t asiat tuntuvat raskailta.<\/p>\r\n<p><br \/><img loading=\"lazy\" decoding=\"async\" class=\"alignnone wp-image-1251 size-medium\" src=\"https:\/\/pianopedagogit.fi\/wp-content\/uploads\/2025\/06\/LauraRontynen-2025-200x300.jpeg\" alt=\"\" width=\"200\" height=\"300\" srcset=\"https:\/\/pianopedagogit.fi\/wp-content\/uploads\/2025\/06\/LauraRontynen-2025-200x300.jpeg 200w, https:\/\/pianopedagogit.fi\/wp-content\/uploads\/2025\/06\/LauraRontynen-2025-683x1024.jpeg 683w, https:\/\/pianopedagogit.fi\/wp-content\/uploads\/2025\/06\/LauraRontynen-2025-768x1152.jpeg 768w, https:\/\/pianopedagogit.fi\/wp-content\/uploads\/2025\/06\/LauraRontynen-2025-1024x1536.jpeg 1024w, https:\/\/pianopedagogit.fi\/wp-content\/uploads\/2025\/06\/LauraRontynen-2025-1366x2048.jpeg 1366w, https:\/\/pianopedagogit.fi\/wp-content\/uploads\/2025\/06\/LauraRontynen-2025-scaled.jpeg 1707w\" sizes=\"auto, (max-width: 200px) 100vw, 200px\" \/><br \/><strong>Laura R\u00f6ntynen<br \/><\/strong>+358 40\u00a0827 0612<br \/>laura.rontynen(at)eduouka.fi<\/p>\r\n<p>Olen valmistunut musiikin maisteriksi Sibelius-Akatemiasta, musiikkipedagogiksi Turun ammattikorkeakoulusta ja barokkimuusikoksi Novia ammattikorkeakoulusta. T\u00e4rkeimpi\u00e4 opettajiani ovat olleet pianistit Tuija Hakkila, Anna Kuvaja, Antti Hotti ja Miriam Gomez-Moran. Cembalonsoittoa olen puolestaan opiskellut opettajinani mm. Miklos Spanyi, Elina Mustonen, Petteri Pitko ja Annamari P\u00f6lh\u00f6.<br \/>Olen ollut aina kiinnostunut eri aikakausien esitysk\u00e4yt\u00e4nn\u00f6ist\u00e4 barokista nykymusiikkiin saakka, joka n\u00e4kyy sek\u00e4 pedagogisessa ett\u00e4 taiteellisessa ty\u00f6ss\u00e4ni.\u00a0<br \/>Ty\u00f6skentelen Oulun konservatoriossa, jossa oppilaani ovat kaikenik\u00e4isi\u00e4 pienist\u00e4 aloittelijoista toisen asteen ammattiopiskelijoihin saakka. Pianonsoiton lis\u00e4ksi opetan my\u00f6s kamarimusiikkia.<br \/><span style=\"font-size: 1rem;\">Opetusty\u00f6n lis\u00e4ksi<\/span><span style=\"font-size: 1rem;\">esiinnyn s\u00e4\u00e4nn\u00f6llisesti orkesteri- ja kamarimuusikkona, sek\u00e4 pianistina ett\u00e4 cembalistina.<\/span><\/p>\r\n<p><strong style=\"font-size: 1rem;\"><br \/>PIANISTI-lehti<\/strong><\/p>\r\n<p><img loading=\"lazy\" decoding=\"async\" class=\"attachment-266x266 size-266x266\" style=\"font-size: 1rem;\" src=\"https:\/\/pianopedagogit.fi\/wp-content\/uploads\/2026\/02\/Johanna-2026-300x300.jpg\" sizes=\"auto, 100vw\" srcset=\"https:\/\/pianopedagogit.fi\/wp-content\/uploads\/2026\/02\/Johanna-2026-300x300.jpg 300w, https:\/\/pianopedagogit.fi\/wp-content\/uploads\/2026\/02\/Johanna-2026-1022x1024.jpg 1022w, https:\/\/pianopedagogit.fi\/wp-content\/uploads\/2026\/02\/Johanna-2026-150x150.jpg 150w, https:\/\/pianopedagogit.fi\/wp-content\/uploads\/2026\/02\/Johanna-2026-768x769.jpg 768w, https:\/\/pianopedagogit.fi\/wp-content\/uploads\/2026\/02\/Johanna-2026-100x100.jpg 100w, https:\/\/pianopedagogit.fi\/wp-content\/uploads\/2026\/02\/Johanna-2026.jpg 1104w\" alt=\"\" width=\"266\" height=\"266\" \/><strong><br \/>Johanna Hasu<br \/><\/strong>Pianisti-lehti, p\u00e4\u00e4toimittaja <br \/>+358 40 548 3608<br \/>johannahasu1(at)gmail.com<\/p>\r\n<p><strong>J\u00e4senrekisteri<br \/><\/strong><\/p>\r\n<p><strong>Arkko Niini<\/strong> <br \/>j\u00e4senrekisteri <br \/>+358 400 601 480 <br \/>arkko.niini(at)hotmail.com<\/p>\r\n","protected":false},"excerpt":{"rendered":"<p>HALLITUS 2026 \u00a0 \u00a0Katariina Liimatainen\u00a0puheenjohtaja+358 44 785 6008 katariina.liimatainen(at)savonia.fi \u00a0 Toimin Savonia amk:n pianonsoiton lehtorina v:sta 2020. Aiemmin toimin Kuopion konservatorion pianonsoiton yliopettajana (2012-2020) ja Jamkin esitt\u00e4v\u00e4n s\u00e4veltaiteen yliopettajana (1999-2012).Ty\u00f6nkuvaani kuuluu pianon ja kamarimusiikin opetusta, pianopedagogiikkaa sek\u00e4 opetusharjoittelun ohjausta. Konsertoin, pid\u00e4n mestarikursseja ja toimin kilpailujen juryssa kotimaassa ja eurooppalaisissa partnerioppilaitoksissa.Opiskelin Keski-Suomen konservatoriossa pianotaitelija Leea Isotalon &hellip; <\/p>\n<p class=\"link-more\"><a href=\"https:\/\/pianopedagogit.fi\/?page_id=1017\" class=\"more-link\">Continue reading<span class=\"screen-reader-text\"> &#8220;Yhteystiedot&#8221;<\/span><\/a><\/p>\n","protected":false},"author":6,"featured_media":0,"parent":0,"menu_order":0,"comment_status":"closed","ping_status":"closed","template":"","meta":{"footnotes":""},"class_list":["post-1017","page","type-page","status-publish","hentry"],"_links":{"self":[{"href":"https:\/\/pianopedagogit.fi\/index.php?rest_route=\/wp\/v2\/pages\/1017","targetHints":{"allow":["GET"]}}],"collection":[{"href":"https:\/\/pianopedagogit.fi\/index.php?rest_route=\/wp\/v2\/pages"}],"about":[{"href":"https:\/\/pianopedagogit.fi\/index.php?rest_route=\/wp\/v2\/types\/page"}],"author":[{"embeddable":true,"href":"https:\/\/pianopedagogit.fi\/index.php?rest_route=\/wp\/v2\/users\/6"}],"replies":[{"embeddable":true,"href":"https:\/\/pianopedagogit.fi\/index.php?rest_route=%2Fwp%2Fv2%2Fcomments&post=1017"}],"version-history":[{"count":42,"href":"https:\/\/pianopedagogit.fi\/index.php?rest_route=\/wp\/v2\/pages\/1017\/revisions"}],"predecessor-version":[{"id":1332,"href":"https:\/\/pianopedagogit.fi\/index.php?rest_route=\/wp\/v2\/pages\/1017\/revisions\/1332"}],"wp:attachment":[{"href":"https:\/\/pianopedagogit.fi\/index.php?rest_route=%2Fwp%2Fv2%2Fmedia&parent=1017"}],"curies":[{"name":"wp","href":"https:\/\/api.w.org\/{rel}","templated":true}]}}