{"id":24,"date":"2012-10-09T22:37:52","date_gmt":"2012-10-09T22:37:52","guid":{"rendered":"https:\/\/pianopedagogit.fi\/?page_id=24"},"modified":"2026-02-08T20:34:10","modified_gmt":"2026-02-08T20:34:10","slug":"toimihenkilot-1976-2012","status":"publish","type":"page","link":"https:\/\/pianopedagogit.fi\/?page_id=24","title":{"rendered":"Toimihenkil\u00f6t 1976 \u2013 2026"},"content":{"rendered":"<p><strong>Puheenjohtajat:<\/strong> Kauko Kuosma 1976\u20131985, Pekka Vapaavuori 1986\u20131989, Erik T. Tawaststjerna 1990\u20131999, Jussi Siirala 2000\u20132009 ja Seppo Salovius 2010-2011, Katarina Nummi 2012-2024, Katariina Liimatainen 2025-.<\/p>\n<p><strong>Varapuheenjohtajat:<\/strong> Ritva Lehtel\u00e4-Relander 1976\u20131986, Eeva Sarmanto-Neuvonen 1987\u20131991 ja 1994\u2013 ja Carlos Juris 1992\u20131993.<\/p>\n<p><strong>Sihteerit:<\/strong> Anja Saari 1976\u20131985, Hillevi Syrj\u00e4l\u00e4 1986\u20131987, Tuire Ranta-Meyer 1988, Rea Warme 1989\u20131998, Kristina S\u00f6derblom 1999\u20132003, Taru My\u00f6h\u00e4nen-M\u00e4kel\u00e4 2004\u20132012 ja Peter L\u00f6nnqvist 2013-.<\/p>\n<p><strong>Rahastonhoitajat (taloudenhoitajat):<\/strong> Anja Saari 1976\u20131979, Hellevi Sipil\u00e4 1980\u20131981, Veli-Heikki Saari 1982\u20131983, Kaija Hilpi 1984\u20131987 ja Arkko Niini 1988-.<\/p>\n<p><strong>Hallitukset j\u00e4senet 1976\u20132014:<\/strong> Ritva-Tuuli Ahonen, Riitta Er\u00e4jousi, Ritva Lehtel\u00e4-Relander, Kauko Kuosma, Margherita Tandefelt, Hilkka Servo-Junttu, Eeva Sarmanto-Neuvonen, Jussi Siirala, Ritva Viitala-Aaltio, Matti Oksala, Helena Marttinen (S\u00e4kkinen), Hillevi Syrj\u00e4l\u00e4, Erik T. Tawaststjerna, Anja Saari, Tuula Raikamo (Johansson), Tuire Ranta-Meyer, Pekka Vapaavuori, Rea Warme, Kristina S\u00f6derblom, Marketta Wikla, Carlos Juris, Tuula Pulkki, Seppo Salovius, Kaija Nuoranne, Katarina Nummi, Taru My\u00f6h\u00e4nen-M\u00e4kel\u00e4, Peter L\u00f6nnqvist, Kristiina Junttu, Jukka Juvonen, Junio Kimanen, Katariina Liimatainen, Tuomas Mali, Niklas Pokki, Rebekka Angervo, Antti Hotti, Eveliina Kyt\u00f6m\u00e4ki, Laura R\u00f6ntynen.<\/p>\n<p><strong>Pianopedagogit ry:n kunniaj\u00e4senet:<\/strong> Kauko Kuosma, Ritva Lehtel\u00e4, Rea Warme , Erik T. Tawaststjerna, Jussi Siirala, Taru My\u00f6h\u00e4nen, Arkko Niini, Kata Nummi-Kuisma ja Pekka Vapaavuori.<\/p>\n<p><strong>Pianisti<\/strong> ilmestyi Pieni Pianolehti -nimisen\u00e4 ensimm\u00e4isen kerran toukokuussa 1988. Lehti ilmestyi kaksi kertaa vuodessa aina vuoteen 1996 asti, mink\u00e4 j\u00e4lkeen se on ilmestynyt kerran vuodessa. Pienen Pianolehden nimi muutettiin 2005 Pianistiksi. <strong>Lehden p\u00e4\u00e4toimittajat:<\/strong> Tuula Raikamo 1988\u20131990, Anna Krohn 1991\u20131996 ja 1998\u20131999, Johanna Uljas ja Rea Warme 1997, Laura Attila 2000\u20132001, Maaret Ollila 2002\u20132003, Ari Helander 2004\u20132010, Tuomas Mali 2011-2024, Johanna Hasu 2025-.<\/p>\n<p><strong>Pianopedagogit ry:n logon<\/strong> on suunnitellut arkkitehti Ilmari Tawaststjerna.<\/p>\n<p><em>Arkiston on laatinut Eeva Sarmanto-Neuvonen.<\/em><\/p>\n","protected":false},"excerpt":{"rendered":"<p>Puheenjohtajat: Kauko Kuosma 1976\u20131985, Pekka Vapaavuori 1986\u20131989, Erik T. Tawaststjerna 1990\u20131999, Jussi Siirala 2000\u20132009 ja Seppo Salovius 2010-2011, Katarina Nummi 2012-2024, Katariina Liimatainen 2025-. Varapuheenjohtajat: Ritva Lehtel\u00e4-Relander 1976\u20131986, Eeva Sarmanto-Neuvonen 1987\u20131991 ja 1994\u2013 ja Carlos Juris 1992\u20131993. Sihteerit: Anja Saari 1976\u20131985, Hillevi Syrj\u00e4l\u00e4 1986\u20131987, Tuire Ranta-Meyer 1988, Rea Warme 1989\u20131998, Kristina S\u00f6derblom 1999\u20132003, Taru My\u00f6h\u00e4nen-M\u00e4kel\u00e4 &hellip; <\/p>\n<p class=\"link-more\"><a href=\"https:\/\/pianopedagogit.fi\/?page_id=24\" class=\"more-link\">Continue reading<span class=\"screen-reader-text\"> &#8220;Toimihenkil\u00f6t 1976 \u2013 2026&#8221;<\/span><\/a><\/p>\n","protected":false},"author":3,"featured_media":0,"parent":18,"menu_order":2,"comment_status":"closed","ping_status":"closed","template":"","meta":{"footnotes":""},"class_list":["post-24","page","type-page","status-publish","hentry"],"_links":{"self":[{"href":"https:\/\/pianopedagogit.fi\/index.php?rest_route=\/wp\/v2\/pages\/24","targetHints":{"allow":["GET"]}}],"collection":[{"href":"https:\/\/pianopedagogit.fi\/index.php?rest_route=\/wp\/v2\/pages"}],"about":[{"href":"https:\/\/pianopedagogit.fi\/index.php?rest_route=\/wp\/v2\/types\/page"}],"author":[{"embeddable":true,"href":"https:\/\/pianopedagogit.fi\/index.php?rest_route=\/wp\/v2\/users\/3"}],"replies":[{"embeddable":true,"href":"https:\/\/pianopedagogit.fi\/index.php?rest_route=%2Fwp%2Fv2%2Fcomments&post=24"}],"version-history":[{"count":6,"href":"https:\/\/pianopedagogit.fi\/index.php?rest_route=\/wp\/v2\/pages\/24\/revisions"}],"predecessor-version":[{"id":1330,"href":"https:\/\/pianopedagogit.fi\/index.php?rest_route=\/wp\/v2\/pages\/24\/revisions\/1330"}],"up":[{"embeddable":true,"href":"https:\/\/pianopedagogit.fi\/index.php?rest_route=\/wp\/v2\/pages\/18"}],"wp:attachment":[{"href":"https:\/\/pianopedagogit.fi\/index.php?rest_route=%2Fwp%2Fv2%2Fmedia&parent=24"}],"curies":[{"name":"wp","href":"https:\/\/api.w.org\/{rel}","templated":true}]}}