{"id":29,"date":"2012-10-09T22:47:17","date_gmt":"2012-10-09T22:47:17","guid":{"rendered":"https:\/\/pianopedagogit.fi\/?page_id=29"},"modified":"2026-02-04T13:52:26","modified_gmt":"2026-02-04T13:52:26","slug":"pianisti-lehti","status":"publish","type":"page","link":"https:\/\/pianopedagogit.fi\/?page_id=29","title":{"rendered":"Pianisti-lehti"},"content":{"rendered":"<p>Pianopedagogit ry:n julkaisema Pianisti-lehti on Suomen ainoa pianomusiikkiin, pianonsoittoon ja pianopedagogiikkaan keskittyv\u00e4 julkaisu.<br \/>\nSe on ilmestynyt vuodesta 1988, aluksi nimell\u00e4 Pieni pianolehti. Nykyinen nimi otettiin k\u00e4ytt\u00f6\u00f6n vuonna 2005.<\/p>\n<p>Voit lukea Pianisti-lehden numeroita t\u00e4st\u00e4:<\/p>\n<p><a href=\"https:\/\/pianopedagogit.fi\/wp-content\/uploads\/2021\/11\/Pianisti-2011.pdf\">Pianisti 2011<\/a><br \/>\n<a href=\"https:\/\/pianopedagogit.fi\/wp-content\/uploads\/2021\/11\/Pianisti-2010.pdf\">Pianisti 2010<\/a><br \/>\n<a href=\"https:\/\/pianopedagogit.fi\/wp-content\/uploads\/2013\/02\/Pianisti2009kevyt.pdf\">Pianisti 2009<\/a><a href=\"https:\/\/pianopedagogit.fi\/wp-content\/uploads\/2013\/02\/Pianisti2009kevyt.pdf\"><br \/>\n<\/a><a href=\"https:\/\/pianopedagogit.fi\/wp-content\/uploads\/2013\/02\/Pianisti2008.pdf\">Pianisti 2008<\/a><br \/>\n<a href=\"https:\/\/pianopedagogit.fi\/wp-content\/uploads\/2013\/02\/Pianisti2007.pdf\">Pianisti 2007<\/a><\/p>\n<p>Pianisti-lehti l\u00e4hetet\u00e4\u00e4n yli 400 pianonsoitonopettajalle ymp\u00e4ri maata. Sit\u00e4 jaetaan my\u00f6s kirjastoihin, musiikkioppilaitoksiin ja pianonsoitonopiskelijoille.<\/p>\n<p>Lehti tarjoaa musiikkialan ilmoittajille selke\u00e4n kohderyhm\u00e4n mainostaa mm. nuotteja, soittimia, \u00e4\u00e4nitteit\u00e4, koulutusta, pianon viritys- ja kuljetuspalveluja.<\/p>\n<p>Pianisti-lehdelle voi tarjota pianonsoittoon liittyvi\u00e4 kirjoituksia tai l\u00e4hett\u00e4\u00e4 juttuvinkkej\u00e4. Kirjoituksista ei makseta palkkioita.<br \/>\nIlmoituskoot ja hinnat l\u00f6ytyv\u00e4t PDF-muodossa ladattavasta Pianistin <a href=\"https:\/\/pianopedagogit.fi\/wp-content\/uploads\/2026\/02\/Pianisti-lehti-Mediakortti-2026.pdf\">mediakortista<\/a>.<\/p>\n<p>Pianisti-lehden p\u00e4\u00e4toimittaja on FT, pianonsoiton lehtori, kirjailija, tietokirjailija<br \/>\n<strong>Johanna Hasu<\/strong><br \/>\n+358 40 548 3608<br \/>\njohannahasu1(at)gmail.com<\/p>\n","protected":false},"excerpt":{"rendered":"<p>Pianopedagogit ry:n julkaisema Pianisti-lehti on Suomen ainoa pianomusiikkiin, pianonsoittoon ja pianopedagogiikkaan keskittyv\u00e4 julkaisu. Se on ilmestynyt vuodesta 1988, aluksi nimell\u00e4 Pieni pianolehti. Nykyinen nimi otettiin k\u00e4ytt\u00f6\u00f6n vuonna 2005. Voit lukea Pianisti-lehden numeroita t\u00e4st\u00e4: Pianisti 2011 Pianisti 2010 Pianisti 2009 Pianisti 2008 Pianisti 2007 Pianisti-lehti l\u00e4hetet\u00e4\u00e4n yli 400 pianonsoitonopettajalle ymp\u00e4ri maata. Sit\u00e4 jaetaan my\u00f6s kirjastoihin, musiikkioppilaitoksiin &hellip; <\/p>\n<p class=\"link-more\"><a href=\"https:\/\/pianopedagogit.fi\/?page_id=29\" class=\"more-link\">Continue reading<span class=\"screen-reader-text\"> &#8220;Pianisti-lehti&#8221;<\/span><\/a><\/p>\n","protected":false},"author":3,"featured_media":0,"parent":0,"menu_order":2,"comment_status":"closed","ping_status":"closed","template":"","meta":{"footnotes":""},"class_list":["post-29","page","type-page","status-publish","hentry"],"_links":{"self":[{"href":"https:\/\/pianopedagogit.fi\/index.php?rest_route=\/wp\/v2\/pages\/29","targetHints":{"allow":["GET"]}}],"collection":[{"href":"https:\/\/pianopedagogit.fi\/index.php?rest_route=\/wp\/v2\/pages"}],"about":[{"href":"https:\/\/pianopedagogit.fi\/index.php?rest_route=\/wp\/v2\/types\/page"}],"author":[{"embeddable":true,"href":"https:\/\/pianopedagogit.fi\/index.php?rest_route=\/wp\/v2\/users\/3"}],"replies":[{"embeddable":true,"href":"https:\/\/pianopedagogit.fi\/index.php?rest_route=%2Fwp%2Fv2%2Fcomments&post=29"}],"version-history":[{"count":15,"href":"https:\/\/pianopedagogit.fi\/index.php?rest_route=\/wp\/v2\/pages\/29\/revisions"}],"predecessor-version":[{"id":1301,"href":"https:\/\/pianopedagogit.fi\/index.php?rest_route=\/wp\/v2\/pages\/29\/revisions\/1301"}],"wp:attachment":[{"href":"https:\/\/pianopedagogit.fi\/index.php?rest_route=%2Fwp%2Fv2%2Fmedia&parent=29"}],"curies":[{"name":"wp","href":"https:\/\/api.w.org\/{rel}","templated":true}]}}