{"id":42,"date":"2012-10-09T23:01:54","date_gmt":"2012-10-09T23:01:54","guid":{"rendered":"https:\/\/pianopedagogit.fi\/?page_id=42"},"modified":"2021-10-28T08:41:00","modified_gmt":"2021-10-28T08:41:00","slug":"yhdistyksen-saannot","status":"publish","type":"page","link":"https:\/\/pianopedagogit.fi\/?page_id=42","title":{"rendered":"Yhdistyksen s\u00e4\u00e4nn\u00f6t"},"content":{"rendered":"<p><strong>1 \u00a7<br \/>\nNimi ja kotipaikka<\/strong><\/p>\n<p>Yhdistyksen nimi on Pianopedagogit ry ja sen kotipaikka on Helsinki.<\/p>\n<p><strong>2 \u00a7<br \/>\nTarkoitus ja toiminnan laatu<\/strong><\/p>\n<p>Yhdistyksen tarkoituksena on pianopedagogian kehitt\u00e4minen ja edist\u00e4minen Suomessa. Yhdistys pyrkii lis\u00e4\u00e4m\u00e4\u00e4n j\u00e4senist\u00f6ns\u00e4 v\u00e4list\u00e4 vuorovaikutusta ja tekem\u00e4\u00e4n tunnetuksi edustamaansa alaa niin kansallisesti kuin kansainv\u00e4lisestikin. Tarkoituksensa toteuttamiseksi yhdistys j\u00e4rjest\u00e4\u00e4 seminaareja eri puolilla Suomea, harjoittaa julkaisutoimintaa ja l\u00e4hett\u00e4\u00e4 edustajia mm. kansainv\u00e4lisiin kongresseihin. Lis\u00e4ksi yhdistys voi j\u00e4rjest\u00e4\u00e4 tiedotustilaisuuksia, tehd\u00e4 aloitteita ja antaa lausuntoja.<\/p>\n<p>Yhdistys voi omistaa toimintaansa varten tarpeellista kiinte\u00e4t\u00e4 ja irtainta omaisuutta. Toimintansa rahoittamiseksi yhdistys perii j\u00e4senmaksua, jonka suuruuden p\u00e4\u00e4tt\u00e4\u00e4 yhdistyksen vuosikokous. Yhdistys voi my\u00f6s vastaanottaa avustuksia, lahjoituksia ja testamentteja.<\/p>\n<p><strong>3 \u00a7<br \/>\nJ\u00e4senet<\/strong><\/p>\n<p>Hallitus hyv\u00e4ksyy uudet j\u00e4senet, joiden tulee toimia yhdistyksen edustamalla alalla. Yhdistys voi kutsua kunniaj\u00e4seni\u00e4.<\/p>\n<p>J\u00e4sen voi erota yhdistyksest\u00e4 ilmoittamalla siit\u00e4 yhdistyslain mukaisesti.<\/p>\n<p>J\u00e4sen voidaan erottaa yhdistyksest\u00e4, jos h\u00e4n rikkoo sen s\u00e4\u00e4nt\u00f6j\u00e4 tai muuten vaikeuttaa sen toimintaa menettelyll\u00e4\u00e4n. J\u00e4sen, joka ei ole maksanut j\u00e4senmaksuaan kahteen vuoteen, erotetaan yhdistyksest\u00e4. Erottamisesta p\u00e4\u00e4tt\u00e4\u00e4 hallitus.<\/p>\n<p><strong>4 \u00a7<br \/>\nHallitus<\/strong><\/p>\n<p>Yhdistyksen asioita hoitaa hallitus, jonka vuosikokous valitsee. Puheenjohtaja ja hallituksen j\u00e4senet valitaan 2 vuodeksi kerrallaan ja hallituksen j\u00e4senist\u00e4 puolet on vuosittain erovuorossa. Hallitukseen kuuluu puheenjohtaja ja kuusi (6) muuta j\u00e4sent\u00e4. Hallitus valitsee keskuudestaan varapuheenjohtajan, sihteerin ja kansainv\u00e4listen asioiden hoitajan. Hallitus kokoontuu puheenjohtajan, tai h\u00e4nen estyneen\u00e4 ollessaan, varapuheenjohtajan kutsusta, tai jos v\u00e4hint\u00e4\u00e4n kaksi hallituksen j\u00e4sent\u00e4 sit\u00e4 vaatii. Hallitus on p\u00e4\u00e4t\u00f6svaltainen, jos v\u00e4hint\u00e4\u00e4n kolme j\u00e4sent\u00e4, puheenjohtaja tai varapuheenjohtaja mukaan luettuna, on l\u00e4sn\u00e4. P\u00e4\u00e4t\u00f6kset tehd\u00e4\u00e4n yksinkertaisella \u00e4\u00e4nten enemmist\u00f6ll\u00e4. \u00c4\u00e4nten menness\u00e4 tasan ratkaisee puheenjohtajan \u00e4\u00e4ni, vaaleissa kuitenkin arpa.<\/p>\n<p><strong>5 \u00a7<br \/>\nNimen kirjoittaminen<\/strong><\/p>\n<p>Yhdistyksen nimen kirjoittavat puheenjohtaja ja varapuheenjohtaja yhdess\u00e4 tai jompikumpi yhdess\u00e4 sihteerin kanssa.<\/p>\n<p><strong>6 \u00a7<br \/>\nTilit<\/strong><\/p>\n<p>Yhdistyksen tilit p\u00e4\u00e4tet\u00e4\u00e4n kalenterivuosittain.<\/p>\n<p>Tilinp\u00e4\u00e4t\u00f6s ja vuosikertomus on annettava tilintarkastajille\/toiminnantarkastajille viimeist\u00e4\u00e4n kuukausi ennen vuosikokousta. Tilintarkastajien\/toiminnantarkastajien tulee antaa kirjallinen lausuntonsa hallitukselle viimeist\u00e4\u00e4n kaksi viikkoa ennen vuosikokousta.<\/p>\n<p><strong>7 \u00a7<br \/>\nKokoukset<\/strong><\/p>\n<p>Yhdistyksen kokoukset kutsuu koolle hallitus joko yhdistyksen j\u00e4senille l\u00e4hetett\u00e4v\u00e4ll\u00e4 kirjeell\u00e4 tai yhdistyksen julkaisussa. Kokouskutsu on l\u00e4hetett\u00e4v\u00e4 tai julkaistava viimeist\u00e4\u00e4n nelj\u00e4toista (14) p\u00e4iv\u00e4\u00e4 ennen kokousta. Yhdistyksen kokouksissa jokaisella j\u00e4senell\u00e4 on yksi \u00e4\u00e4ni. P\u00e4\u00e4t\u00f6kset tehd\u00e4\u00e4n yksinkertaisella \u00e4\u00e4nten enemmist\u00f6ll\u00e4. \u00c4\u00e4nten menness\u00e4 tasan ratkaisee puheenjohtajan \u00e4\u00e4ni, vaaleissa kuitenkin arpa.<\/p>\n<p><strong>8 \u00a7<br \/>\nVuosikokous<\/strong><\/p>\n<p>Yhdistyksen vuosikokous pidet\u00e4\u00e4n helmikuussa ja siin\u00e4 k\u00e4sitell\u00e4\u00e4n seuraavat asiat:<\/p>\n<p>&nbsp;<\/p>\n<ol>\n<li>Kokouksen avaaminen.<\/li>\n<li>Valitaan kokouksen puheenjohtaja, sihteeri, kaksi p\u00f6yt\u00e4kirjan tarkastajaa ja kaksi \u00e4\u00e4ntenlaskijaa.<\/li>\n<li>Todetaan kokouksen laillisuus ja p\u00e4\u00e4t\u00f6svaltaisuus.<\/li>\n<li>Hyv\u00e4ksyt\u00e4\u00e4n kokoukselle laadittu esityslista.<\/li>\n<li>K\u00e4sitell\u00e4\u00e4n vuosikertomus, tilit ja tilintarkastajien\/toiminnantarkastajien lausunto.<\/li>\n<li>P\u00e4\u00e4tet\u00e4\u00e4n tilinp\u00e4\u00e4t\u00f6ksen vahvistamisesta sek\u00e4 tili- ja vastuuvapauden my\u00f6nt\u00e4misest\u00e4 hallitukselle ja muille tilivelvollisille.<\/li>\n<li>Vahvistetaan toimintasuunnitelma, tulo- ja menoarvio sek\u00e4 j\u00e4senmaksun suuruus kuluvaksi kalenterivuodeksi.<\/li>\n<li>Valitaan hallituksen puheenjohtaja joka toinen vuosi ja muut hallituksen j\u00e4senet erovuoroisten tilalle.<\/li>\n<li>Valitaan kaksi tilintarkastajaa\/toiminnantarkastajaa ja heille varamiehet.<\/li>\n<li>K\u00e4sitell\u00e4\u00e4n muut esityslistassa mainitut asiat.<\/li>\n<li>P\u00e4\u00e4tet\u00e4\u00e4n kokous.<\/li>\n<\/ol>\n<p><strong>9 \u00a7<br \/>\nYlim\u00e4\u00e4r\u00e4inen kokous<\/strong><\/p>\n<p>Hallitus kutsuu ylim\u00e4\u00e4r\u00e4isen kokouksen koolle katsoessaan sen tarpeelliseksi, tai jos v\u00e4hint\u00e4\u00e4n kymmenesosa (1\/10) yhdistyksen j\u00e4senist\u00e4 vaatii sit\u00e4 hallitukselta kirjallisesti erityisesti ilmoitettua asiaa varten.<\/p>\n<p><strong>10 \u00a7<br \/>\nS\u00e4\u00e4nt\u00f6jen muuttaminen tai yhdistyksen purkaminen<\/strong><\/p>\n<p>N\u00e4iden s\u00e4\u00e4nt\u00f6jen muuttamista tai yhdistyksen purkamista koskeva p\u00e4\u00e4t\u00f6s tehd\u00e4\u00e4n yhdistyksen kokouksessa v\u00e4hint\u00e4\u00e4n kahden kolmanneksen (2\/3) \u00e4\u00e4nten enemmist\u00f6ll\u00e4 annetuista \u00e4\u00e4nist\u00e4.<\/p>\n<p>Yhdistyksen purkamista koskeva p\u00e4\u00e4t\u00f6s vahvistetaan aikaisintaan kolmenkymmenen (30) vuorokauden kuluttua pidett\u00e4v\u00e4ss\u00e4 purkavassa kokouksessa v\u00e4hint\u00e4\u00e4n kolmen nelj\u00e4sosan (3\/4) \u00e4\u00e4nten enemmist\u00f6ll\u00e4 annetuista \u00e4\u00e4nist\u00e4. J\u00e4ljelle j\u00e4\u00e4neet yhdistyksen varat k\u00e4ytet\u00e4\u00e4n purkavan kokouksen p\u00e4\u00e4tt\u00e4m\u00e4ll\u00e4 tavalla n\u00e4iden s\u00e4\u00e4nt\u00f6jen 2 \u00a7:n mainitsemiin tarkoituksiin.<\/p>\n<p><strong>11 \u00a7<br \/>\n<\/strong><\/p>\n<p>Muutoin noudatetaan voimassaolevaa yhdistyslakia.<\/p>\n<p>&nbsp;<\/p>\n","protected":false},"excerpt":{"rendered":"<p>1 \u00a7 Nimi ja kotipaikka Yhdistyksen nimi on Pianopedagogit ry ja sen kotipaikka on Helsinki. 2 \u00a7 Tarkoitus ja toiminnan laatu Yhdistyksen tarkoituksena on pianopedagogian kehitt\u00e4minen ja edist\u00e4minen Suomessa. Yhdistys pyrkii lis\u00e4\u00e4m\u00e4\u00e4n j\u00e4senist\u00f6ns\u00e4 v\u00e4list\u00e4 vuorovaikutusta ja tekem\u00e4\u00e4n tunnetuksi edustamaansa alaa niin kansallisesti kuin kansainv\u00e4lisestikin. Tarkoituksensa toteuttamiseksi yhdistys j\u00e4rjest\u00e4\u00e4 seminaareja eri puolilla Suomea, harjoittaa julkaisutoimintaa ja &hellip; <\/p>\n<p class=\"link-more\"><a href=\"https:\/\/pianopedagogit.fi\/?page_id=42\" class=\"more-link\">Continue reading<span class=\"screen-reader-text\"> &#8220;Yhdistyksen s\u00e4\u00e4nn\u00f6t&#8221;<\/span><\/a><\/p>\n","protected":false},"author":3,"featured_media":0,"parent":40,"menu_order":2,"comment_status":"closed","ping_status":"closed","template":"","meta":{"footnotes":""},"class_list":["post-42","page","type-page","status-publish","hentry"],"_links":{"self":[{"href":"https:\/\/pianopedagogit.fi\/index.php?rest_route=\/wp\/v2\/pages\/42","targetHints":{"allow":["GET"]}}],"collection":[{"href":"https:\/\/pianopedagogit.fi\/index.php?rest_route=\/wp\/v2\/pages"}],"about":[{"href":"https:\/\/pianopedagogit.fi\/index.php?rest_route=\/wp\/v2\/types\/page"}],"author":[{"embeddable":true,"href":"https:\/\/pianopedagogit.fi\/index.php?rest_route=\/wp\/v2\/users\/3"}],"replies":[{"embeddable":true,"href":"https:\/\/pianopedagogit.fi\/index.php?rest_route=%2Fwp%2Fv2%2Fcomments&post=42"}],"version-history":[{"count":1,"href":"https:\/\/pianopedagogit.fi\/index.php?rest_route=\/wp\/v2\/pages\/42\/revisions"}],"predecessor-version":[{"id":852,"href":"https:\/\/pianopedagogit.fi\/index.php?rest_route=\/wp\/v2\/pages\/42\/revisions\/852"}],"up":[{"embeddable":true,"href":"https:\/\/pianopedagogit.fi\/index.php?rest_route=\/wp\/v2\/pages\/40"}],"wp:attachment":[{"href":"https:\/\/pianopedagogit.fi\/index.php?rest_route=%2Fwp%2Fv2%2Fmedia&parent=42"}],"curies":[{"name":"wp","href":"https:\/\/api.w.org\/{rel}","templated":true}]}}