{"id":46,"date":"2012-10-09T23:05:39","date_gmt":"2012-10-09T23:05:39","guid":{"rendered":"https:\/\/pianopedagogit.fi\/?page_id=46"},"modified":"2025-02-12T08:20:04","modified_gmt":"2025-02-12T08:20:04","slug":"jasenhakemus","status":"publish","type":"page","link":"https:\/\/pianopedagogit.fi\/?page_id=46","title":{"rendered":"J\u00e4seneksi liittyminen"},"content":{"rendered":"<p>Pianopedagogit ry:n j\u00e4seneksi voivat hakea kaikki pianonsoiton opettajana toimivat. Pianopedagogit ry:ll\u00e4 ei ole opiskelijaj\u00e4senyyksi\u00e4.<br \/>\nVuoden 2025 j\u00e4senmaksu on 45\u20ac, el\u00e4kel\u00e4iset 35\u20ac.<br \/>\nVoit ladata j\u00e4senhakemuksen pdf-muodossa alla olevasta linkist\u00e4:<\/p>\n<p><a href=\"https:\/\/pianopedagogit.fi\/wp-content\/uploads\/2014\/10\/hakemus.pdf\">Pianopedagogit ry:n j\u00e4senhakemus<\/a><\/p>\n<p>L\u00e4het\u00e4 hakemus s\u00e4hk\u00f6postitse osoitteeseen sihteeri(at)pianopedagogit.fi.<\/p>\n","protected":false},"excerpt":{"rendered":"<p>Pianopedagogit ry:n j\u00e4seneksi voivat hakea kaikki pianonsoiton opettajana toimivat. Pianopedagogit ry:ll\u00e4 ei ole opiskelijaj\u00e4senyyksi\u00e4. Vuoden 2025 j\u00e4senmaksu on 45\u20ac, el\u00e4kel\u00e4iset 35\u20ac. Voit ladata j\u00e4senhakemuksen pdf-muodossa alla olevasta linkist\u00e4: Pianopedagogit ry:n j\u00e4senhakemus L\u00e4het\u00e4 hakemus s\u00e4hk\u00f6postitse osoitteeseen sihteeri(at)pianopedagogit.fi.<\/p>\n","protected":false},"author":3,"featured_media":0,"parent":40,"menu_order":3,"comment_status":"closed","ping_status":"closed","template":"","meta":{"footnotes":""},"class_list":["post-46","page","type-page","status-publish","hentry"],"_links":{"self":[{"href":"https:\/\/pianopedagogit.fi\/index.php?rest_route=\/wp\/v2\/pages\/46","targetHints":{"allow":["GET"]}}],"collection":[{"href":"https:\/\/pianopedagogit.fi\/index.php?rest_route=\/wp\/v2\/pages"}],"about":[{"href":"https:\/\/pianopedagogit.fi\/index.php?rest_route=\/wp\/v2\/types\/page"}],"author":[{"embeddable":true,"href":"https:\/\/pianopedagogit.fi\/index.php?rest_route=\/wp\/v2\/users\/3"}],"replies":[{"embeddable":true,"href":"https:\/\/pianopedagogit.fi\/index.php?rest_route=%2Fwp%2Fv2%2Fcomments&post=46"}],"version-history":[{"count":9,"href":"https:\/\/pianopedagogit.fi\/index.php?rest_route=\/wp\/v2\/pages\/46\/revisions"}],"predecessor-version":[{"id":1245,"href":"https:\/\/pianopedagogit.fi\/index.php?rest_route=\/wp\/v2\/pages\/46\/revisions\/1245"}],"up":[{"embeddable":true,"href":"https:\/\/pianopedagogit.fi\/index.php?rest_route=\/wp\/v2\/pages\/40"}],"wp:attachment":[{"href":"https:\/\/pianopedagogit.fi\/index.php?rest_route=%2Fwp%2Fv2%2Fmedia&parent=46"}],"curies":[{"name":"wp","href":"https:\/\/api.w.org\/{rel}","templated":true}]}}